{"id":1809,"date":"2019-03-13T16:46:36","date_gmt":"2019-03-13T13:46:36","guid":{"rendered":"http:\/\/www.ioniaguesthouse.com\/?page_id=1809"},"modified":"2025-12-22T19:58:15","modified_gmt":"2025-12-22T16:58:15","slug":"hos-geldiniz","status":"publish","type":"page","link":"https:\/\/www.ioniaguesthouse.com\/?lang=tr","title":{"rendered":"Ho\u015fgeldiniz!"},"content":{"rendered":"\n<div class=\"wp-block-image\"><figure class=\"alignright is-resized\"><a href=\"https:\/\/www.booking.com\/hotel\/tr\/ionia-guest-house.en-gb.html\"><img loading=\"lazy\" decoding=\"async\" src=\"https:\/\/www.ioniaguesthouse.com\/wp-content\/uploads\/2017\/05\/booking-com-logo1-128.png\" alt=\"\" class=\"wp-image-1376\" width=\"64\" height=\"64\"\/><\/a><\/figure><\/div>\n\n\n\n<div class=\"wp-block-image\"><figure class=\"alignright is-resized\"><a href=\"https:\/\/www.airbnb.com\/rooms\/18869418\"><img loading=\"lazy\" decoding=\"async\" src=\"https:\/\/www.ioniaguesthouse.com\/wp-content\/uploads\/2017\/05\/airbnbLogo.png\" alt=\"\" class=\"wp-image-1169\" width=\"64\" height=\"64\"\/><\/a><\/figure><\/div>\n\n\n\n<div class=\"wp-block-image\"><figure class=\"alignright is-resized\"><a href=\"https:\/\/www.expedia.com\/Germencik-Hotels-Ionia-Guest-House.h34530056.Hotel-Information\"><img loading=\"lazy\" decoding=\"async\" src=\"https:\/\/www.ioniaguesthouse.com\/wp-content\/uploads\/2019\/03\/EXPEDIA-LOGO.jpg\" alt=\"\" class=\"wp-image-1851\" width=\"64\" height=\"64\"\/><\/a><\/figure><\/div>\n\n\n\n<p>\u0130onia Konukevi, Ege B\u00f6lgesi\u2019nde s\u0131cak bir atmosfere sahip d\u00f6rt odal\u0131 k\u00fc\u00e7\u00fck bir otel. Sakin ve tipik bir k\u00f6y ortam\u0131ndaki otelimiz, yemye\u015fil incir ve zeytin a\u011fa\u00e7lar\u0131 aras\u0131nda kurulu. Yap\u0131m\u0131n her a\u015famas\u0131nda eme\u011fimizin bulundu\u011fu tesis, ekolojik prensiplerle in\u015fa edildi ve ayn\u0131 anlay\u0131\u015fla hizmet veriyor. Nefes alan, \u0131s\u0131 ve ses yal\u0131t\u0131m kalitesiyle dikkat \u00e7eken saman balyas\u0131 ve ah\u015fap gibi do\u011fal malzemelerden in\u015fa etti\u011fimiz otelimiz, \u00fclkemizde bu y\u00f6ntemle hizmet veren ilk turistik i\u015fletme \u00f6zelli\u011finde. 35 m<sup>2<\/sup> b\u00fcy\u00fckl\u00fc\u011f\u00fcndeki suit odalar\u0131m\u0131zda klima, banyo, buzdolab\u0131, \u00f6zel veranda var. A\u00e7\u0131k y\u00fczme havuzumuzda serinli\u011fi, cafemizde T\u00fcrk ve d\u00fcnya mutfaklar\u0131ndan se\u00e7kin yemeklerin lezzetini tadacaks\u0131n\u0131z. Daha fazla bilgi i\u00e7in <a href=\"https:\/\/www.youtube.com\/watch?v=gd5xLZLqGB4&amp;t\">video turumuzu<\/a> izleyebilirsiniz.<\/p>\n\n\n\n<figure class=\"wp-block-embed alignright is-type-video is-provider-youtube wp-block-embed-youtube wp-embed-aspect-16-9 wp-has-aspect-ratio\"><div class=\"wp-block-embed__wrapper\">\n<iframe loading=\"lazy\" title=\"Ionia Guest House video tour\" width=\"676\" height=\"380\" src=\"https:\/\/www.youtube.com\/embed\/gd5xLZLqGB4?feature=oembed\" frameborder=\"0\" allow=\"accelerometer; autoplay; clipboard-write; encrypted-media; gyroscope; picture-in-picture; web-share\" referrerpolicy=\"strict-origin-when-cross-origin\" allowfullscreen><\/iframe>\n<\/div><\/figure>\n\n\n\n<p><em>T\u00fcrk ve d\u00fcnya televizyonlar\u0131nda ve yaz\u0131l\u0131 bas\u0131nda biz!<\/em> Bizim hikayemizi ve binalar\u0131m\u0131z\u0131 konu alan <a href=\"https:\/\/www.youtube.com\/watch?v=BMOpfzveJkc&amp;ab_channel=IoniaGuestHouse\">\u201cOur Dream Hotel\u201d<\/a> adl\u0131 \u0130ngiliz Channel 5 kanal\u0131 i\u00e7in 2016 ve 2017 y\u0131llar\u0131nda \u00e7ekilen belgesel \u015fu ana kadar, \u0130ngiltere, Hollanda, Kanada, Yeni Zelanda, Avusturalya ve \u0130sve\u00e7\u2019te g\u00f6sterilmi\u015ftir.<\/p>\n\n\n\n<p>CNN T\u00fcrk\u2019te G\u00fcven \u0130slamo\u011flu\u2019nun Ye\u015fil Do\u011fa program\u0131n\u0131n Saman Evler adl\u0131 b\u00f6l\u00fcm\u00fcne 17 Kas\u0131m 2018\u2019de konuk olduk. Bu program\u0131 <a href=\"https:\/\/www.youtube.com\/watch?v=VDdLTiNNxEA\">Youtube\u2019dan izleyebilirsiniz<\/a>. Siz de bir samanbalya bina yapmak istiyorsan\u0131z e\u011fer, sizi hem konuk edip, hem de saman evin t\u00fcm a\u015famalar\u0131 konusunda bilgi verebiliriz.<\/p>\n\n\n\n<p>\u0130ngilizce yay\u0131n yapan Daily Sabah\u2019ta Leyla Yvonne Ergil <a href=\"https:\/\/www.dailysabah.com\/expat-corner\/2017\/09\/15\/ionia-guest-house-turning-a-dream-into-reality\">bizimle bir s\u00f6yle\u015fi yapt\u0131<\/a> ; \u0130stanbul \u00dcniversitesi \u0130leti\u015fim Fak\u00fcltesi \u0130letim Gazetesi&#8217;nden Hande Nur Ocak&#8217;\u0131n <a href=\"http:\/\/iletim.istanbul.edu.tr\/index.php\/2019\/03\/22\/insan-ve-cevre-dostu-saman-evler\/\">s\u00f6yle\u015fisi yay\u0131nland\u0131<\/a>; ayr\u0131ca Birg\u00fcn, H\u00fcrriyet ve Milliyet gibi ulusal ve bir \u00e7ok yerel gazetede de haberler yap\u0131ld\u0131.<\/p>\n\n\n\n<p>Otelimiz konum olarak Ayd\u0131n\u2019\u0131n Germencik \u0130l\u00e7esine 3 km uzakl\u0131kta yer almakta olup, Ku\u015fadas\u0131 Pamucak sahiline arabayla 40 dk; \u015eirince\u2019ye 45 dk; Efes\u2019e 35 dk; y\u00fczme, bisiklet ve y\u00fcr\u00fcy\u00fc\u015f sporlar\u0131 yapabilece\u011finiz yemye\u015fil Dilek Yar\u0131madas\u0131 Milli Park\u0131\u2019na 50 dk mesafededir.<\/p>\n\n\n\n<figure class=\"wp-block-gallery has-nested-images columns-default is-cropped wp-block-gallery-1 is-layout-flex wp-block-gallery-is-layout-flex\">\n<figure class=\"wp-block-image size-large\"><img loading=\"lazy\" decoding=\"async\" width=\"1024\" height=\"683\" data-id=\"1853\" src=\"https:\/\/www.ioniaguesthouse.com\/wp-content\/uploads\/2019\/03\/hotel-12-1024x683.jpg\" alt=\"\" class=\"wp-image-1853\" srcset=\"https:\/\/www.ioniaguesthouse.com\/wp-content\/uploads\/2019\/03\/hotel-12-1024x683.jpg 1024w, https:\/\/www.ioniaguesthouse.com\/wp-content\/uploads\/2019\/03\/hotel-12-300x200.jpg 300w, https:\/\/www.ioniaguesthouse.com\/wp-content\/uploads\/2019\/03\/hotel-12-768x512.jpg 768w, https:\/\/www.ioniaguesthouse.com\/wp-content\/uploads\/2019\/03\/hotel-12-676x451.jpg 676w, https:\/\/www.ioniaguesthouse.com\/wp-content\/uploads\/2019\/03\/hotel-12.jpg 1800w\" sizes=\"auto, (max-width: 1024px) 100vw, 1024px\" \/><\/figure>\n\n\n\n<figure class=\"wp-block-image size-large\"><img loading=\"lazy\" decoding=\"async\" width=\"1024\" height=\"683\" data-id=\"2041\" src=\"https:\/\/www.ioniaguesthouse.com\/wp-content\/uploads\/2019\/06\/hotel-22-1-1024x683.jpg\" alt=\"\" class=\"wp-image-2041\" srcset=\"https:\/\/www.ioniaguesthouse.com\/wp-content\/uploads\/2019\/06\/hotel-22-1-1024x683.jpg 1024w, https:\/\/www.ioniaguesthouse.com\/wp-content\/uploads\/2019\/06\/hotel-22-1-300x200.jpg 300w, https:\/\/www.ioniaguesthouse.com\/wp-content\/uploads\/2019\/06\/hotel-22-1-768x512.jpg 768w, https:\/\/www.ioniaguesthouse.com\/wp-content\/uploads\/2019\/06\/hotel-22-1-676x451.jpg 676w, https:\/\/www.ioniaguesthouse.com\/wp-content\/uploads\/2019\/06\/hotel-22-1.jpg 1200w\" sizes=\"auto, (max-width: 1024px) 100vw, 1024px\" \/><\/figure>\n<\/figure>\n\n\n\n<p>Hakk\u0131m\u0131zda daha iyi fikir edinmeniz i\u00e7in web sayfam\u0131z\u0131n <a href=\"https:\/\/www.ioniaguesthouse.com\/?page_id=1937&amp;lang=tr\">foto\u011fraflar<\/a> ve de <a href=\"https:\/\/www.ioniaguesthouse.com\/?page_id=1818&amp;lang=tr\">konum ve aktiviteler <\/a> b\u00f6l\u00fcmlerine bir g\u00f6z at\u0131n\u0131z.<\/p>\n\n\n\n<p>E\u011fer otelimizde kalmak isterseniz bize bir alo demeniz yeterli. Oda \u00fccretlerine kahvalt\u0131 dahil. Bize \u015fu email adresinden de ula\u015fabilirsiniz: <a href=\"mailto:bookings@ioniaguesthouse.com\">bookings@ioniaguesthouse.com<\/a> . Size hemen geri d\u00f6neriz. An\u0131nda rezervasyon yapmak isterseniz bize  <a href=\"https:\/\/www.airbnb.com\/rooms\/18869418?guests=1&amp;adults=1\">Airbnb<\/a>, <a href=\"https:\/\/www.expedia.com\/Germencik-Hotels-Ionia-Guest-House.h34530056.Hotel-Information\">Expedia<\/a> veya <a href=\"https:\/\/www.booking.com\/hotel\/tr\/ionia-guest-house.en-gb.html\">Booking.com<\/a>\u2019dan ula\u015fabilirsiniz. (E\u011fer T\u00fcrkiye\u2019de iseniz Booking.com\u2019un sayfas\u0131 a\u00e7\u0131lmayabilir.)<\/p>\n\n\n\n<p><a href=\"https:\/\/www.instagram.com\/ioniaguesthouse_strawbalehotel\/\">Instagram<\/a> ve <a href=\"https:\/\/www.facebook.com\/Ioniaguesthouse.Ioniakonukevi\/\">facebook<\/a>\u2019tay\u0131z. Bizi be\u011fenin, geli\u015fmeleri takip edin.<\/p>\n\n\n\n<p><a href=\"https:\/\/www.ioniaguesthouse.com\/?page_id=2396&amp;lang=tr\" data-type=\"page\" data-id=\"2396\">S\u00fcrd\u00fcr\u00fclebilirlik y\u00f6netim sistemi ve politikalar\u0131m\u0131za buradan bakabilirsiniz<\/a>.<br><\/p>\n","protected":false},"excerpt":{"rendered":"<p>\u0130onia Konukevi, Ege B\u00f6lgesi\u2019nde s\u0131cak bir atmosfere sahip d\u00f6rt odal\u0131 k\u00fc\u00e7\u00fck bir otel. Sakin ve tipik bir k\u00f6y ortam\u0131ndaki otelimiz, yemye\u015fil incir ve zeytin a\u011fa\u00e7lar\u0131 aras\u0131nda kurulu. Yap\u0131m\u0131n her a\u015famas\u0131nda eme\u011fimizin bulundu\u011fu tesis, ekolojik prensiplerle in\u015fa edildi ve ayn\u0131 anlay\u0131\u015fla hizmet veriyor. Nefes alan, \u0131s\u0131 ve ses yal\u0131t\u0131m kalitesiyle dikkat \u00e7eken saman balyas\u0131 ve ah\u015fap [&hellip;]<\/p>\n","protected":false},"author":1,"featured_media":0,"parent":0,"menu_order":0,"comment_status":"closed","ping_status":"closed","template":"template-fullwidth.php","meta":{"_s2mail":"yes","footnotes":""},"class_list":["post-1809","page","type-page","status-publish","hentry","post-preview"],"_links":{"self":[{"href":"https:\/\/www.ioniaguesthouse.com\/index.php?rest_route=\/wp\/v2\/pages\/1809","targetHints":{"allow":["GET"]}}],"collection":[{"href":"https:\/\/www.ioniaguesthouse.com\/index.php?rest_route=\/wp\/v2\/pages"}],"about":[{"href":"https:\/\/www.ioniaguesthouse.com\/index.php?rest_route=\/wp\/v2\/types\/page"}],"author":[{"embeddable":true,"href":"https:\/\/www.ioniaguesthouse.com\/index.php?rest_route=\/wp\/v2\/users\/1"}],"replies":[{"embeddable":true,"href":"https:\/\/www.ioniaguesthouse.com\/index.php?rest_route=%2Fwp%2Fv2%2Fcomments&post=1809"}],"version-history":[{"count":35,"href":"https:\/\/www.ioniaguesthouse.com\/index.php?rest_route=\/wp\/v2\/pages\/1809\/revisions"}],"predecessor-version":[{"id":2411,"href":"https:\/\/www.ioniaguesthouse.com\/index.php?rest_route=\/wp\/v2\/pages\/1809\/revisions\/2411"}],"wp:attachment":[{"href":"https:\/\/www.ioniaguesthouse.com\/index.php?rest_route=%2Fwp%2Fv2%2Fmedia&parent=1809"}],"curies":[{"name":"wp","href":"https:\/\/api.w.org\/{rel}","templated":true}]}}