{"id":15,"date":"2014-05-26T03:39:40","date_gmt":"2014-05-26T00:39:40","guid":{"rendered":"http:\/\/ionia.nfshost.com\/?page_id=15"},"modified":"2025-02-27T00:49:56","modified_gmt":"2025-02-26T21:49:56","slug":"about","status":"publish","type":"page","link":"https:\/\/www.ioniaguesthouse.com\/?page_id=15","title":{"rendered":"Contact details"},"content":{"rendered":"\n<p>For hotel bookings and any other inquiries,&nbsp;please use either&nbsp;<a href=\"mailto:info@ioniaguesthouse.com\">info@ioniaguesthouse.com<\/a> or <a href=\"mailto:bookings@ioniaguesthouse.com\">bookings@ioniaguesthouse.com<\/a>.<\/p>\n\n\n\n<p>If you need to contact us by phone we can be reached on these mobile numbers:<\/p>\n\n\n\n<ul class=\"wp-block-list\">\n<li>+90 539 490 2550<\/li>\n\n\n\n<li>+90 531 770 3949<\/li>\n<\/ul>\n\n\n\n<p>The postal address of the hotel is:<\/p>\n\n\n\n<blockquote class=\"wp-block-quote is-layout-flow wp-block-quote-is-layout-flow\">\n<p>H\u0131d\u0131rbeyli Mahallesi<br>Il\u0131ca Caddesi 18<br>Germencik<br>Ayd\u0131n 09700<br>Turkey<\/p>\n<\/blockquote>\n\n\n<div class=\"wp-block-image\">\n<figure class=\"alignright\"><a href=\"https:\/\/www.ioniaguesthouse.com\/wp-content\/uploads\/2014\/05\/ionia-26.jpg\"><img loading=\"lazy\" decoding=\"async\" width=\"1280\" height=\"963\" src=\"https:\/\/www.ioniaguesthouse.com\/wp-content\/uploads\/2014\/05\/ionia-26.jpg\" alt=\"ionia-26\" class=\"wp-image-1188\" srcset=\"https:\/\/www.ioniaguesthouse.com\/wp-content\/uploads\/2014\/05\/ionia-26.jpg 1280w, https:\/\/www.ioniaguesthouse.com\/wp-content\/uploads\/2014\/05\/ionia-26-300x225.jpg 300w, https:\/\/www.ioniaguesthouse.com\/wp-content\/uploads\/2014\/05\/ionia-26-1024x770.jpg 1024w, https:\/\/www.ioniaguesthouse.com\/wp-content\/uploads\/2014\/05\/ionia-26-676x508.jpg 676w\" sizes=\"auto, (max-width: 1280px) 100vw, 1280px\" \/><\/a><\/figure>\n<\/div>\n\n\n<p>And finally, a short introduction: we are Sirem and Jason. After 20 years living in the UK and Germany we decided we&#8217;d had enough of cold and rainy weather and moved to Turkey&#8217;s Aegean region. As you might have noticed, we&#8217;re building and running a timber-frame straw-bale guest house. On Google Maps, we&#8217;re <a href=\"https:\/\/www.google.co.uk\/maps\/@37.8913224,27.5910585,139m\/data=!3m1!1e3\">right here<\/a>.<\/p>\n","protected":false},"excerpt":{"rendered":"<p>For hotel bookings and any other inquiries,&nbsp;please use either&nbsp;info@ioniaguesthouse.com or bookings@ioniaguesthouse.com. If you need to contact us by phone we can be reached on these mobile numbers: The postal address of the hotel is: H\u0131d\u0131rbeyli MahallesiIl\u0131ca Caddesi 18GermencikAyd\u0131n 09700Turkey And finally, a short introduction: we are Sirem and Jason. After 20 years living in the [&hellip;]<\/p>\n","protected":false},"author":1,"featured_media":0,"parent":0,"menu_order":0,"comment_status":"closed","ping_status":"closed","template":"template-fullwidth.php","meta":{"_s2mail":"yes","footnotes":""},"class_list":["post-15","page","type-page","status-publish","hentry","post-preview"],"_links":{"self":[{"href":"https:\/\/www.ioniaguesthouse.com\/index.php?rest_route=\/wp\/v2\/pages\/15","targetHints":{"allow":["GET"]}}],"collection":[{"href":"https:\/\/www.ioniaguesthouse.com\/index.php?rest_route=\/wp\/v2\/pages"}],"about":[{"href":"https:\/\/www.ioniaguesthouse.com\/index.php?rest_route=\/wp\/v2\/types\/page"}],"author":[{"embeddable":true,"href":"https:\/\/www.ioniaguesthouse.com\/index.php?rest_route=\/wp\/v2\/users\/1"}],"replies":[{"embeddable":true,"href":"https:\/\/www.ioniaguesthouse.com\/index.php?rest_route=%2Fwp%2Fv2%2Fcomments&post=15"}],"version-history":[{"count":23,"href":"https:\/\/www.ioniaguesthouse.com\/index.php?rest_route=\/wp\/v2\/pages\/15\/revisions"}],"predecessor-version":[{"id":2317,"href":"https:\/\/www.ioniaguesthouse.com\/index.php?rest_route=\/wp\/v2\/pages\/15\/revisions\/2317"}],"wp:attachment":[{"href":"https:\/\/www.ioniaguesthouse.com\/index.php?rest_route=%2Fwp%2Fv2%2Fmedia&parent=15"}],"curies":[{"name":"wp","href":"https:\/\/api.w.org\/{rel}","templated":true}]}}